{"id":81,"date":"2025-02-21T14:02:15","date_gmt":"2025-02-21T14:02:15","guid":{"rendered":"https:\/\/bodegaolcese.pe\/recibir-hoy\/?post_type=product&#038;p=81"},"modified":"2026-04-22T15:53:55","modified_gmt":"2026-04-22T20:53:55","slug":"pie-de-limon","status":"publish","type":"product","link":"https:\/\/bodegaolcese.pe\/recibir-hoy\/producto\/pie-de-limon\/","title":{"rendered":"Pie de Lim\u00f3n"},"content":{"rendered":"","protected":false},"excerpt":{"rendered":"<div class=\"woocommerce-product-details__short-description\">\n<p>Una porci\u00f3n cl\u00e1sica con base de galleta crujiente, crema de lim\u00f3n suave y un balance perfecto de dulzura y acidez.<\/p>\n<\/div>\n","protected":false},"featured_media":232,"template":"","meta":{"_acf_changed":false},"product_brand":[],"product_cat":[24,17],"product_tag":[],"class_list":{"0":"post-81","1":"product","2":"type-product","3":"status-publish","4":"has-post-thumbnail","6":"product_cat-dulces","7":"product_cat-personales","9":"first","10":"instock","11":"shipping-taxable","12":"purchasable","13":"product-type-simple"},"group_of_quantity":0,"min_quantity":0,"max_quantity":"","exclude_order_quantity_value_rules":"no","exclude_category_quantity_rules":"no","combine_variations":"no","acf":[],"yoast_head":"<!-- This site is optimized with the Yoast SEO plugin v27.4 - https:\/\/yoast.com\/product\/yoast-seo-wordpress\/ -->\n<title>Pie de Lim\u00f3n Tradicional | Reposter\u00eda Bodega Olcese<\/title>\n<meta name=\"description\" content=\"Pie de Lim\u00f3n casero, ideal para postre o lonche. Sabor fresco y tradicional en Bodega Olcese Callao.\" \/>\n<meta name=\"robots\" content=\"index, follow, max-snippet:-1, max-image-preview:large, max-video-preview:-1\" \/>\n<link rel=\"canonical\" href=\"https:\/\/bodegaolcese.pe\/recibir-hoy\/producto\/pie-de-limon\/\" \/>\n<meta property=\"og:locale\" content=\"es_ES\" \/>\n<meta property=\"og:type\" content=\"article\" \/>\n<meta property=\"og:title\" content=\"Pie de Lim\u00f3n Tradicional | Reposter\u00eda Bodega Olcese\" \/>\n<meta property=\"og:description\" content=\"Pie de Lim\u00f3n casero, ideal para postre o lonche. Sabor fresco y tradicional en Bodega Olcese Callao.\" \/>\n<meta property=\"og:url\" content=\"https:\/\/bodegaolcese.pe\/recibir-hoy\/producto\/pie-de-limon\/\" \/>\n<meta property=\"og:site_name\" content=\"Recibir Hoy\" \/>\n<meta property=\"article:modified_time\" content=\"2026-04-22T20:53:55+00:00\" \/>\n<meta property=\"og:image\" content=\"https:\/\/bodegaolcese.pe\/recibir-hoy\/wp-content\/uploads\/sites\/3\/2025\/02\/pie-limon-personal.webp\" \/>\n\t<meta property=\"og:image:width\" content=\"1080\" \/>\n\t<meta property=\"og:image:height\" content=\"1080\" \/>\n\t<meta property=\"og:image:type\" content=\"image\/webp\" \/>\n<meta name=\"twitter:card\" content=\"summary_large_image\" \/>\n<script type=\"application\/ld+json\" class=\"yoast-schema-graph\">{\"@context\":\"https:\\\/\\\/schema.org\",\"@graph\":[{\"@type\":\"WebPage\",\"@id\":\"https:\\\/\\\/bodegaolcese.pe\\\/recibir-hoy\\\/producto\\\/pie-de-limon\\\/\",\"url\":\"https:\\\/\\\/bodegaolcese.pe\\\/recibir-hoy\\\/producto\\\/pie-de-limon\\\/\",\"name\":\"Pie de Lim\u00f3n Tradicional | Reposter\u00eda Bodega Olcese\",\"isPartOf\":{\"@id\":\"https:\\\/\\\/bodegaolcese.pe\\\/recibir-hoy\\\/#website\"},\"primaryImageOfPage\":{\"@id\":\"https:\\\/\\\/bodegaolcese.pe\\\/recibir-hoy\\\/producto\\\/pie-de-limon\\\/#primaryimage\"},\"image\":{\"@id\":\"https:\\\/\\\/bodegaolcese.pe\\\/recibir-hoy\\\/producto\\\/pie-de-limon\\\/#primaryimage\"},\"thumbnailUrl\":\"https:\\\/\\\/bodegaolcese.pe\\\/recibir-hoy\\\/wp-content\\\/uploads\\\/sites\\\/3\\\/2025\\\/02\\\/pie-limon-personal.webp\",\"datePublished\":\"2025-02-21T14:02:15+00:00\",\"dateModified\":\"2026-04-22T20:53:55+00:00\",\"description\":\"Pie de Lim\u00f3n casero, ideal para postre o lonche. Sabor fresco y tradicional en Bodega Olcese Callao.\",\"breadcrumb\":{\"@id\":\"https:\\\/\\\/bodegaolcese.pe\\\/recibir-hoy\\\/producto\\\/pie-de-limon\\\/#breadcrumb\"},\"inLanguage\":\"es\",\"potentialAction\":[{\"@type\":\"ReadAction\",\"target\":[\"https:\\\/\\\/bodegaolcese.pe\\\/recibir-hoy\\\/producto\\\/pie-de-limon\\\/\"]}]},{\"@type\":\"ImageObject\",\"inLanguage\":\"es\",\"@id\":\"https:\\\/\\\/bodegaolcese.pe\\\/recibir-hoy\\\/producto\\\/pie-de-limon\\\/#primaryimage\",\"url\":\"https:\\\/\\\/bodegaolcese.pe\\\/recibir-hoy\\\/wp-content\\\/uploads\\\/sites\\\/3\\\/2025\\\/02\\\/pie-limon-personal.webp\",\"contentUrl\":\"https:\\\/\\\/bodegaolcese.pe\\\/recibir-hoy\\\/wp-content\\\/uploads\\\/sites\\\/3\\\/2025\\\/02\\\/pie-limon-personal.webp\",\"width\":1080,\"height\":1080},{\"@type\":\"BreadcrumbList\",\"@id\":\"https:\\\/\\\/bodegaolcese.pe\\\/recibir-hoy\\\/producto\\\/pie-de-limon\\\/#breadcrumb\",\"itemListElement\":[{\"@type\":\"ListItem\",\"position\":1,\"name\":\"Portada\",\"item\":\"https:\\\/\\\/bodegaolcese.pe\\\/recibir-hoy\\\/\"},{\"@type\":\"ListItem\",\"position\":2,\"name\":\"Tienda\",\"item\":\"https:\\\/\\\/bodegaolcese.pe\\\/recibir-hoy\\\/\"},{\"@type\":\"ListItem\",\"position\":3,\"name\":\"Pie de Lim\u00f3n\"}]},{\"@type\":\"WebSite\",\"@id\":\"https:\\\/\\\/bodegaolcese.pe\\\/recibir-hoy\\\/#website\",\"url\":\"https:\\\/\\\/bodegaolcese.pe\\\/recibir-hoy\\\/\",\"name\":\"Recibir Hoy\",\"description\":\"\",\"potentialAction\":[{\"@type\":\"SearchAction\",\"target\":{\"@type\":\"EntryPoint\",\"urlTemplate\":\"https:\\\/\\\/bodegaolcese.pe\\\/recibir-hoy\\\/?s={search_term_string}\"},\"query-input\":{\"@type\":\"PropertyValueSpecification\",\"valueRequired\":true,\"valueName\":\"search_term_string\"}}],\"inLanguage\":\"es\"}]}<\/script>\n<!-- \/ Yoast SEO plugin. -->","yoast_head_json":{"title":"Pie de Lim\u00f3n Tradicional | Reposter\u00eda Bodega Olcese","description":"Pie de Lim\u00f3n casero, ideal para postre o lonche. Sabor fresco y tradicional en Bodega Olcese Callao.","robots":{"index":"index","follow":"follow","max-snippet":"max-snippet:-1","max-image-preview":"max-image-preview:large","max-video-preview":"max-video-preview:-1"},"canonical":"https:\/\/bodegaolcese.pe\/recibir-hoy\/producto\/pie-de-limon\/","og_locale":"es_ES","og_type":"article","og_title":"Pie de Lim\u00f3n Tradicional | Reposter\u00eda Bodega Olcese","og_description":"Pie de Lim\u00f3n casero, ideal para postre o lonche. Sabor fresco y tradicional en Bodega Olcese Callao.","og_url":"https:\/\/bodegaolcese.pe\/recibir-hoy\/producto\/pie-de-limon\/","og_site_name":"Recibir Hoy","article_modified_time":"2026-04-22T20:53:55+00:00","og_image":[{"width":1080,"height":1080,"url":"https:\/\/bodegaolcese.pe\/recibir-hoy\/wp-content\/uploads\/sites\/3\/2025\/02\/pie-limon-personal.webp","type":"image\/webp"}],"twitter_card":"summary_large_image","schema":{"@context":"https:\/\/schema.org","@graph":[{"@type":"WebPage","@id":"https:\/\/bodegaolcese.pe\/recibir-hoy\/producto\/pie-de-limon\/","url":"https:\/\/bodegaolcese.pe\/recibir-hoy\/producto\/pie-de-limon\/","name":"Pie de Lim\u00f3n Tradicional | Reposter\u00eda Bodega Olcese","isPartOf":{"@id":"https:\/\/bodegaolcese.pe\/recibir-hoy\/#website"},"primaryImageOfPage":{"@id":"https:\/\/bodegaolcese.pe\/recibir-hoy\/producto\/pie-de-limon\/#primaryimage"},"image":{"@id":"https:\/\/bodegaolcese.pe\/recibir-hoy\/producto\/pie-de-limon\/#primaryimage"},"thumbnailUrl":"https:\/\/bodegaolcese.pe\/recibir-hoy\/wp-content\/uploads\/sites\/3\/2025\/02\/pie-limon-personal.webp","datePublished":"2025-02-21T14:02:15+00:00","dateModified":"2026-04-22T20:53:55+00:00","description":"Pie de Lim\u00f3n casero, ideal para postre o lonche. Sabor fresco y tradicional en Bodega Olcese Callao.","breadcrumb":{"@id":"https:\/\/bodegaolcese.pe\/recibir-hoy\/producto\/pie-de-limon\/#breadcrumb"},"inLanguage":"es","potentialAction":[{"@type":"ReadAction","target":["https:\/\/bodegaolcese.pe\/recibir-hoy\/producto\/pie-de-limon\/"]}]},{"@type":"ImageObject","inLanguage":"es","@id":"https:\/\/bodegaolcese.pe\/recibir-hoy\/producto\/pie-de-limon\/#primaryimage","url":"https:\/\/bodegaolcese.pe\/recibir-hoy\/wp-content\/uploads\/sites\/3\/2025\/02\/pie-limon-personal.webp","contentUrl":"https:\/\/bodegaolcese.pe\/recibir-hoy\/wp-content\/uploads\/sites\/3\/2025\/02\/pie-limon-personal.webp","width":1080,"height":1080},{"@type":"BreadcrumbList","@id":"https:\/\/bodegaolcese.pe\/recibir-hoy\/producto\/pie-de-limon\/#breadcrumb","itemListElement":[{"@type":"ListItem","position":1,"name":"Portada","item":"https:\/\/bodegaolcese.pe\/recibir-hoy\/"},{"@type":"ListItem","position":2,"name":"Tienda","item":"https:\/\/bodegaolcese.pe\/recibir-hoy\/"},{"@type":"ListItem","position":3,"name":"Pie de Lim\u00f3n"}]},{"@type":"WebSite","@id":"https:\/\/bodegaolcese.pe\/recibir-hoy\/#website","url":"https:\/\/bodegaolcese.pe\/recibir-hoy\/","name":"Recibir Hoy","description":"","potentialAction":[{"@type":"SearchAction","target":{"@type":"EntryPoint","urlTemplate":"https:\/\/bodegaolcese.pe\/recibir-hoy\/?s={search_term_string}"},"query-input":{"@type":"PropertyValueSpecification","valueRequired":true,"valueName":"search_term_string"}}],"inLanguage":"es"}]}},"_links":{"self":[{"href":"https:\/\/bodegaolcese.pe\/recibir-hoy\/wp-json\/wp\/v2\/product\/81","targetHints":{"allow":["GET"]}}],"collection":[{"href":"https:\/\/bodegaolcese.pe\/recibir-hoy\/wp-json\/wp\/v2\/product"}],"about":[{"href":"https:\/\/bodegaolcese.pe\/recibir-hoy\/wp-json\/wp\/v2\/types\/product"}],"version-history":[{"count":0,"href":"https:\/\/bodegaolcese.pe\/recibir-hoy\/wp-json\/wp\/v2\/product\/81\/revisions"}],"wp:featuredmedia":[{"embeddable":true,"href":"https:\/\/bodegaolcese.pe\/recibir-hoy\/wp-json\/wp\/v2\/media\/232"}],"wp:attachment":[{"href":"https:\/\/bodegaolcese.pe\/recibir-hoy\/wp-json\/wp\/v2\/media?parent=81"}],"wp:term":[{"taxonomy":"product_brand","embeddable":true,"href":"https:\/\/bodegaolcese.pe\/recibir-hoy\/wp-json\/wp\/v2\/product_brand?post=81"},{"taxonomy":"product_cat","embeddable":true,"href":"https:\/\/bodegaolcese.pe\/recibir-hoy\/wp-json\/wp\/v2\/product_cat?post=81"},{"taxonomy":"product_tag","embeddable":true,"href":"https:\/\/bodegaolcese.pe\/recibir-hoy\/wp-json\/wp\/v2\/product_tag?post=81"}],"curies":[{"name":"wp","href":"https:\/\/api.w.org\/{rel}","templated":true}]}}