{"id":76,"date":"2025-02-21T13:59:25","date_gmt":"2025-02-21T13:59:25","guid":{"rendered":"https:\/\/bodegaolcese.pe\/recibir-hoy\/?post_type=product&#038;p=76"},"modified":"2025-04-15T20:44:46","modified_gmt":"2025-04-15T20:44:46","slug":"tres-jamones","status":"publish","type":"product","link":"https:\/\/bodegaolcese.pe\/recibir-hoy\/producto\/tres-jamones\/","title":{"rendered":"Sanguche Tres jamones"},"content":{"rendered":"","protected":false},"excerpt":{"rendered":"<div class=\"woocommerce-product-details__short-description\">\n<p>Un s\u00e1ndwich contundente con una combinaci\u00f3n perfecta de jam\u00f3n ingl\u00e9s, jam\u00f3n ahumado, pechuga de pavo y queso edam. Ideal para quienes buscan un bocado lleno de sabor.<\/p>\n<\/div>\n","protected":false},"featured_media":186,"template":"","meta":{"_acf_changed":false},"product_brand":[],"product_cat":[17,23],"product_tag":[],"class_list":{"0":"post-76","1":"product","2":"type-product","3":"status-publish","4":"has-post-thumbnail","6":"product_cat-personales","7":"product_cat-sanguches","9":"first","10":"instock","11":"shipping-taxable","12":"purchasable","13":"product-type-simple"},"group_of_quantity":0,"min_quantity":0,"max_quantity":"","exclude_order_quantity_value_rules":"no","exclude_category_quantity_rules":"no","combine_variations":"no","acf":[],"yoast_head":"<!-- This site is optimized with the Yoast SEO plugin v27.4 - https:\/\/yoast.com\/product\/yoast-seo-wordpress\/ -->\n<title>S\u00e1ndwich Tres Jamones | Especialidad de la Casa \u2013 Bodega Olcese<\/title>\n<meta name=\"description\" content=\"S\u00e1ndwich Tres Jamones, preparado con jamones artesanales y pan fresco. Ord\u00e9nalo en Bodega Olcese.\" \/>\n<meta name=\"robots\" content=\"index, follow, max-snippet:-1, max-image-preview:large, max-video-preview:-1\" \/>\n<link rel=\"canonical\" href=\"https:\/\/bodegaolcese.pe\/recibir-hoy\/producto\/tres-jamones\/\" \/>\n<meta property=\"og:locale\" content=\"es_ES\" \/>\n<meta property=\"og:type\" content=\"article\" \/>\n<meta property=\"og:title\" content=\"S\u00e1ndwich Tres Jamones | Especialidad de la Casa \u2013 Bodega Olcese\" \/>\n<meta property=\"og:description\" content=\"S\u00e1ndwich Tres Jamones, preparado con jamones artesanales y pan fresco. Ord\u00e9nalo en Bodega Olcese.\" \/>\n<meta property=\"og:url\" content=\"https:\/\/bodegaolcese.pe\/recibir-hoy\/producto\/tres-jamones\/\" \/>\n<meta property=\"og:site_name\" content=\"Recibir Hoy\" \/>\n<meta property=\"article:modified_time\" content=\"2025-04-15T20:44:46+00:00\" \/>\n<meta property=\"og:image\" content=\"https:\/\/bodegaolcese.pe\/recibir-hoy\/wp-content\/uploads\/sites\/3\/2025\/02\/tres-jamones-personal.webp\" \/>\n\t<meta property=\"og:image:width\" content=\"1080\" \/>\n\t<meta property=\"og:image:height\" content=\"1080\" \/>\n\t<meta property=\"og:image:type\" content=\"image\/webp\" \/>\n<meta name=\"twitter:card\" content=\"summary_large_image\" \/>\n<script type=\"application\/ld+json\" class=\"yoast-schema-graph\">{\"@context\":\"https:\\\/\\\/schema.org\",\"@graph\":[{\"@type\":\"WebPage\",\"@id\":\"https:\\\/\\\/bodegaolcese.pe\\\/recibir-hoy\\\/producto\\\/tres-jamones\\\/\",\"url\":\"https:\\\/\\\/bodegaolcese.pe\\\/recibir-hoy\\\/producto\\\/tres-jamones\\\/\",\"name\":\"S\u00e1ndwich Tres Jamones | Especialidad de la Casa \u2013 Bodega Olcese\",\"isPartOf\":{\"@id\":\"https:\\\/\\\/bodegaolcese.pe\\\/recibir-hoy\\\/#website\"},\"primaryImageOfPage\":{\"@id\":\"https:\\\/\\\/bodegaolcese.pe\\\/recibir-hoy\\\/producto\\\/tres-jamones\\\/#primaryimage\"},\"image\":{\"@id\":\"https:\\\/\\\/bodegaolcese.pe\\\/recibir-hoy\\\/producto\\\/tres-jamones\\\/#primaryimage\"},\"thumbnailUrl\":\"https:\\\/\\\/bodegaolcese.pe\\\/recibir-hoy\\\/wp-content\\\/uploads\\\/sites\\\/3\\\/2025\\\/02\\\/tres-jamones-personal.webp\",\"datePublished\":\"2025-02-21T13:59:25+00:00\",\"dateModified\":\"2025-04-15T20:44:46+00:00\",\"description\":\"S\u00e1ndwich Tres Jamones, preparado con jamones artesanales y pan fresco. Ord\u00e9nalo en Bodega Olcese.\",\"breadcrumb\":{\"@id\":\"https:\\\/\\\/bodegaolcese.pe\\\/recibir-hoy\\\/producto\\\/tres-jamones\\\/#breadcrumb\"},\"inLanguage\":\"es\",\"potentialAction\":[{\"@type\":\"ReadAction\",\"target\":[\"https:\\\/\\\/bodegaolcese.pe\\\/recibir-hoy\\\/producto\\\/tres-jamones\\\/\"]}]},{\"@type\":\"ImageObject\",\"inLanguage\":\"es\",\"@id\":\"https:\\\/\\\/bodegaolcese.pe\\\/recibir-hoy\\\/producto\\\/tres-jamones\\\/#primaryimage\",\"url\":\"https:\\\/\\\/bodegaolcese.pe\\\/recibir-hoy\\\/wp-content\\\/uploads\\\/sites\\\/3\\\/2025\\\/02\\\/tres-jamones-personal.webp\",\"contentUrl\":\"https:\\\/\\\/bodegaolcese.pe\\\/recibir-hoy\\\/wp-content\\\/uploads\\\/sites\\\/3\\\/2025\\\/02\\\/tres-jamones-personal.webp\",\"width\":1080,\"height\":1080},{\"@type\":\"BreadcrumbList\",\"@id\":\"https:\\\/\\\/bodegaolcese.pe\\\/recibir-hoy\\\/producto\\\/tres-jamones\\\/#breadcrumb\",\"itemListElement\":[{\"@type\":\"ListItem\",\"position\":1,\"name\":\"Portada\",\"item\":\"https:\\\/\\\/bodegaolcese.pe\\\/recibir-hoy\\\/\"},{\"@type\":\"ListItem\",\"position\":2,\"name\":\"Tienda\",\"item\":\"https:\\\/\\\/bodegaolcese.pe\\\/recibir-hoy\\\/\"},{\"@type\":\"ListItem\",\"position\":3,\"name\":\"Sanguche Tres jamones\"}]},{\"@type\":\"WebSite\",\"@id\":\"https:\\\/\\\/bodegaolcese.pe\\\/recibir-hoy\\\/#website\",\"url\":\"https:\\\/\\\/bodegaolcese.pe\\\/recibir-hoy\\\/\",\"name\":\"Recibir Hoy\",\"description\":\"\",\"potentialAction\":[{\"@type\":\"SearchAction\",\"target\":{\"@type\":\"EntryPoint\",\"urlTemplate\":\"https:\\\/\\\/bodegaolcese.pe\\\/recibir-hoy\\\/?s={search_term_string}\"},\"query-input\":{\"@type\":\"PropertyValueSpecification\",\"valueRequired\":true,\"valueName\":\"search_term_string\"}}],\"inLanguage\":\"es\"}]}<\/script>\n<!-- \/ Yoast SEO plugin. -->","yoast_head_json":{"title":"S\u00e1ndwich Tres Jamones | Especialidad de la Casa \u2013 Bodega Olcese","description":"S\u00e1ndwich Tres Jamones, preparado con jamones artesanales y pan fresco. Ord\u00e9nalo en Bodega Olcese.","robots":{"index":"index","follow":"follow","max-snippet":"max-snippet:-1","max-image-preview":"max-image-preview:large","max-video-preview":"max-video-preview:-1"},"canonical":"https:\/\/bodegaolcese.pe\/recibir-hoy\/producto\/tres-jamones\/","og_locale":"es_ES","og_type":"article","og_title":"S\u00e1ndwich Tres Jamones | Especialidad de la Casa \u2013 Bodega Olcese","og_description":"S\u00e1ndwich Tres Jamones, preparado con jamones artesanales y pan fresco. Ord\u00e9nalo en Bodega Olcese.","og_url":"https:\/\/bodegaolcese.pe\/recibir-hoy\/producto\/tres-jamones\/","og_site_name":"Recibir Hoy","article_modified_time":"2025-04-15T20:44:46+00:00","og_image":[{"width":1080,"height":1080,"url":"https:\/\/bodegaolcese.pe\/recibir-hoy\/wp-content\/uploads\/sites\/3\/2025\/02\/tres-jamones-personal.webp","type":"image\/webp"}],"twitter_card":"summary_large_image","schema":{"@context":"https:\/\/schema.org","@graph":[{"@type":"WebPage","@id":"https:\/\/bodegaolcese.pe\/recibir-hoy\/producto\/tres-jamones\/","url":"https:\/\/bodegaolcese.pe\/recibir-hoy\/producto\/tres-jamones\/","name":"S\u00e1ndwich Tres Jamones | Especialidad de la Casa \u2013 Bodega Olcese","isPartOf":{"@id":"https:\/\/bodegaolcese.pe\/recibir-hoy\/#website"},"primaryImageOfPage":{"@id":"https:\/\/bodegaolcese.pe\/recibir-hoy\/producto\/tres-jamones\/#primaryimage"},"image":{"@id":"https:\/\/bodegaolcese.pe\/recibir-hoy\/producto\/tres-jamones\/#primaryimage"},"thumbnailUrl":"https:\/\/bodegaolcese.pe\/recibir-hoy\/wp-content\/uploads\/sites\/3\/2025\/02\/tres-jamones-personal.webp","datePublished":"2025-02-21T13:59:25+00:00","dateModified":"2025-04-15T20:44:46+00:00","description":"S\u00e1ndwich Tres Jamones, preparado con jamones artesanales y pan fresco. Ord\u00e9nalo en Bodega Olcese.","breadcrumb":{"@id":"https:\/\/bodegaolcese.pe\/recibir-hoy\/producto\/tres-jamones\/#breadcrumb"},"inLanguage":"es","potentialAction":[{"@type":"ReadAction","target":["https:\/\/bodegaolcese.pe\/recibir-hoy\/producto\/tres-jamones\/"]}]},{"@type":"ImageObject","inLanguage":"es","@id":"https:\/\/bodegaolcese.pe\/recibir-hoy\/producto\/tres-jamones\/#primaryimage","url":"https:\/\/bodegaolcese.pe\/recibir-hoy\/wp-content\/uploads\/sites\/3\/2025\/02\/tres-jamones-personal.webp","contentUrl":"https:\/\/bodegaolcese.pe\/recibir-hoy\/wp-content\/uploads\/sites\/3\/2025\/02\/tres-jamones-personal.webp","width":1080,"height":1080},{"@type":"BreadcrumbList","@id":"https:\/\/bodegaolcese.pe\/recibir-hoy\/producto\/tres-jamones\/#breadcrumb","itemListElement":[{"@type":"ListItem","position":1,"name":"Portada","item":"https:\/\/bodegaolcese.pe\/recibir-hoy\/"},{"@type":"ListItem","position":2,"name":"Tienda","item":"https:\/\/bodegaolcese.pe\/recibir-hoy\/"},{"@type":"ListItem","position":3,"name":"Sanguche Tres jamones"}]},{"@type":"WebSite","@id":"https:\/\/bodegaolcese.pe\/recibir-hoy\/#website","url":"https:\/\/bodegaolcese.pe\/recibir-hoy\/","name":"Recibir Hoy","description":"","potentialAction":[{"@type":"SearchAction","target":{"@type":"EntryPoint","urlTemplate":"https:\/\/bodegaolcese.pe\/recibir-hoy\/?s={search_term_string}"},"query-input":{"@type":"PropertyValueSpecification","valueRequired":true,"valueName":"search_term_string"}}],"inLanguage":"es"}]}},"_links":{"self":[{"href":"https:\/\/bodegaolcese.pe\/recibir-hoy\/wp-json\/wp\/v2\/product\/76","targetHints":{"allow":["GET"]}}],"collection":[{"href":"https:\/\/bodegaolcese.pe\/recibir-hoy\/wp-json\/wp\/v2\/product"}],"about":[{"href":"https:\/\/bodegaolcese.pe\/recibir-hoy\/wp-json\/wp\/v2\/types\/product"}],"version-history":[{"count":0,"href":"https:\/\/bodegaolcese.pe\/recibir-hoy\/wp-json\/wp\/v2\/product\/76\/revisions"}],"wp:featuredmedia":[{"embeddable":true,"href":"https:\/\/bodegaolcese.pe\/recibir-hoy\/wp-json\/wp\/v2\/media\/186"}],"wp:attachment":[{"href":"https:\/\/bodegaolcese.pe\/recibir-hoy\/wp-json\/wp\/v2\/media?parent=76"}],"wp:term":[{"taxonomy":"product_brand","embeddable":true,"href":"https:\/\/bodegaolcese.pe\/recibir-hoy\/wp-json\/wp\/v2\/product_brand?post=76"},{"taxonomy":"product_cat","embeddable":true,"href":"https:\/\/bodegaolcese.pe\/recibir-hoy\/wp-json\/wp\/v2\/product_cat?post=76"},{"taxonomy":"product_tag","embeddable":true,"href":"https:\/\/bodegaolcese.pe\/recibir-hoy\/wp-json\/wp\/v2\/product_tag?post=76"}],"curies":[{"name":"wp","href":"https:\/\/api.w.org\/{rel}","templated":true}]}}