{"id":107,"date":"2025-02-21T14:27:33","date_gmt":"2025-02-21T14:27:33","guid":{"rendered":"https:\/\/bodegaolcese.pe\/recibir-hoy\/?post_type=product&#038;p=107"},"modified":"2026-04-23T01:00:09","modified_gmt":"2026-04-23T06:00:09","slug":"lasana-de-carne-250g","status":"publish","type":"product","link":"https:\/\/bodegaolcese.pe\/recibir-hoy\/producto\/lasana-de-carne-250g\/","title":{"rendered":"Lasa\u00f1a de Carne 250g"},"content":{"rendered":"","protected":false},"excerpt":{"rendered":"<div class=\"woocommerce-product-details__short-description\">\n<p>Lasa\u00f1a de Alcachofa en su versi\u00f3n de 250 g, una opci\u00f3n deliciosa y ligera con capas de pasta, salsa de alcachofas y queso. Lista para hornear y disfrutar.<\/p>\n<\/div>\n","protected":false},"featured_media":216,"template":"","meta":{"_acf_changed":false},"product_brand":[],"product_cat":[40,20],"product_tag":[],"class_list":{"0":"post-107","1":"product","2":"type-product","3":"status-publish","4":"has-post-thumbnail","6":"product_cat-pastas","7":"product_cat-pastas-y-salsas","9":"first","10":"instock","11":"shipping-taxable","12":"purchasable","13":"product-type-simple"},"group_of_quantity":0,"min_quantity":0,"max_quantity":"","exclude_order_quantity_value_rules":"no","exclude_category_quantity_rules":"no","combine_variations":"no","acf":[],"yoast_head":"<!-- This site is optimized with the Yoast SEO plugin v27.4 - https:\/\/yoast.com\/product\/yoast-seo-wordpress\/ -->\n<title>Lasa\u00f1a de Carne 250g | Porci\u00f3n Familiar \u2013 Bodega Olcese<\/title>\n<meta name=\"description\" content=\"Lasa\u00f1a de Carne 250g, porci\u00f3n individual con sabor casero peruano. Encu\u00e9ntrala en Bodega Olcese.\" \/>\n<meta name=\"robots\" content=\"index, follow, max-snippet:-1, max-image-preview:large, max-video-preview:-1\" \/>\n<link rel=\"canonical\" href=\"https:\/\/bodegaolcese.pe\/recibir-hoy\/producto\/lasana-de-carne-250g\/\" \/>\n<meta property=\"og:locale\" content=\"es_ES\" \/>\n<meta property=\"og:type\" content=\"article\" \/>\n<meta property=\"og:title\" content=\"Lasa\u00f1a de Carne 250g | Porci\u00f3n Familiar \u2013 Bodega Olcese\" \/>\n<meta property=\"og:description\" content=\"Lasa\u00f1a de Carne 250g, porci\u00f3n individual con sabor casero peruano. Encu\u00e9ntrala en Bodega Olcese.\" \/>\n<meta property=\"og:url\" content=\"https:\/\/bodegaolcese.pe\/recibir-hoy\/producto\/lasana-de-carne-250g\/\" \/>\n<meta property=\"og:site_name\" content=\"Recibir Hoy\" \/>\n<meta property=\"article:modified_time\" content=\"2026-04-23T06:00:09+00:00\" \/>\n<meta property=\"og:image\" content=\"https:\/\/bodegaolcese.pe\/recibir-hoy\/wp-content\/uploads\/sites\/3\/2025\/02\/lasana-250.webp\" \/>\n\t<meta property=\"og:image:width\" content=\"1080\" \/>\n\t<meta property=\"og:image:height\" content=\"1080\" \/>\n\t<meta property=\"og:image:type\" content=\"image\/webp\" \/>\n<meta name=\"twitter:card\" content=\"summary_large_image\" \/>\n<script type=\"application\/ld+json\" class=\"yoast-schema-graph\">{\"@context\":\"https:\\\/\\\/schema.org\",\"@graph\":[{\"@type\":\"WebPage\",\"@id\":\"https:\\\/\\\/bodegaolcese.pe\\\/recibir-hoy\\\/producto\\\/lasana-de-carne-250g\\\/\",\"url\":\"https:\\\/\\\/bodegaolcese.pe\\\/recibir-hoy\\\/producto\\\/lasana-de-carne-250g\\\/\",\"name\":\"Lasa\u00f1a de Carne 250g | Porci\u00f3n Familiar \u2013 Bodega Olcese\",\"isPartOf\":{\"@id\":\"https:\\\/\\\/bodegaolcese.pe\\\/recibir-hoy\\\/#website\"},\"primaryImageOfPage\":{\"@id\":\"https:\\\/\\\/bodegaolcese.pe\\\/recibir-hoy\\\/producto\\\/lasana-de-carne-250g\\\/#primaryimage\"},\"image\":{\"@id\":\"https:\\\/\\\/bodegaolcese.pe\\\/recibir-hoy\\\/producto\\\/lasana-de-carne-250g\\\/#primaryimage\"},\"thumbnailUrl\":\"https:\\\/\\\/bodegaolcese.pe\\\/recibir-hoy\\\/wp-content\\\/uploads\\\/sites\\\/3\\\/2025\\\/02\\\/lasana-250.webp\",\"datePublished\":\"2025-02-21T14:27:33+00:00\",\"dateModified\":\"2026-04-23T06:00:09+00:00\",\"description\":\"Lasa\u00f1a de Carne 250g, porci\u00f3n individual con sabor casero peruano. Encu\u00e9ntrala en Bodega Olcese.\",\"breadcrumb\":{\"@id\":\"https:\\\/\\\/bodegaolcese.pe\\\/recibir-hoy\\\/producto\\\/lasana-de-carne-250g\\\/#breadcrumb\"},\"inLanguage\":\"es\",\"potentialAction\":[{\"@type\":\"ReadAction\",\"target\":[\"https:\\\/\\\/bodegaolcese.pe\\\/recibir-hoy\\\/producto\\\/lasana-de-carne-250g\\\/\"]}]},{\"@type\":\"ImageObject\",\"inLanguage\":\"es\",\"@id\":\"https:\\\/\\\/bodegaolcese.pe\\\/recibir-hoy\\\/producto\\\/lasana-de-carne-250g\\\/#primaryimage\",\"url\":\"https:\\\/\\\/bodegaolcese.pe\\\/recibir-hoy\\\/wp-content\\\/uploads\\\/sites\\\/3\\\/2025\\\/02\\\/lasana-250.webp\",\"contentUrl\":\"https:\\\/\\\/bodegaolcese.pe\\\/recibir-hoy\\\/wp-content\\\/uploads\\\/sites\\\/3\\\/2025\\\/02\\\/lasana-250.webp\",\"width\":1080,\"height\":1080},{\"@type\":\"BreadcrumbList\",\"@id\":\"https:\\\/\\\/bodegaolcese.pe\\\/recibir-hoy\\\/producto\\\/lasana-de-carne-250g\\\/#breadcrumb\",\"itemListElement\":[{\"@type\":\"ListItem\",\"position\":1,\"name\":\"Portada\",\"item\":\"https:\\\/\\\/bodegaolcese.pe\\\/recibir-hoy\\\/\"},{\"@type\":\"ListItem\",\"position\":2,\"name\":\"Tienda\",\"item\":\"https:\\\/\\\/bodegaolcese.pe\\\/recibir-hoy\\\/\"},{\"@type\":\"ListItem\",\"position\":3,\"name\":\"Lasa\u00f1a de Carne 250g\"}]},{\"@type\":\"WebSite\",\"@id\":\"https:\\\/\\\/bodegaolcese.pe\\\/recibir-hoy\\\/#website\",\"url\":\"https:\\\/\\\/bodegaolcese.pe\\\/recibir-hoy\\\/\",\"name\":\"Recibir Hoy\",\"description\":\"\",\"potentialAction\":[{\"@type\":\"SearchAction\",\"target\":{\"@type\":\"EntryPoint\",\"urlTemplate\":\"https:\\\/\\\/bodegaolcese.pe\\\/recibir-hoy\\\/?s={search_term_string}\"},\"query-input\":{\"@type\":\"PropertyValueSpecification\",\"valueRequired\":true,\"valueName\":\"search_term_string\"}}],\"inLanguage\":\"es\"}]}<\/script>\n<!-- \/ Yoast SEO plugin. -->","yoast_head_json":{"title":"Lasa\u00f1a de Carne 250g | Porci\u00f3n Familiar \u2013 Bodega Olcese","description":"Lasa\u00f1a de Carne 250g, porci\u00f3n individual con sabor casero peruano. Encu\u00e9ntrala en Bodega Olcese.","robots":{"index":"index","follow":"follow","max-snippet":"max-snippet:-1","max-image-preview":"max-image-preview:large","max-video-preview":"max-video-preview:-1"},"canonical":"https:\/\/bodegaolcese.pe\/recibir-hoy\/producto\/lasana-de-carne-250g\/","og_locale":"es_ES","og_type":"article","og_title":"Lasa\u00f1a de Carne 250g | Porci\u00f3n Familiar \u2013 Bodega Olcese","og_description":"Lasa\u00f1a de Carne 250g, porci\u00f3n individual con sabor casero peruano. Encu\u00e9ntrala en Bodega Olcese.","og_url":"https:\/\/bodegaolcese.pe\/recibir-hoy\/producto\/lasana-de-carne-250g\/","og_site_name":"Recibir Hoy","article_modified_time":"2026-04-23T06:00:09+00:00","og_image":[{"width":1080,"height":1080,"url":"https:\/\/bodegaolcese.pe\/recibir-hoy\/wp-content\/uploads\/sites\/3\/2025\/02\/lasana-250.webp","type":"image\/webp"}],"twitter_card":"summary_large_image","schema":{"@context":"https:\/\/schema.org","@graph":[{"@type":"WebPage","@id":"https:\/\/bodegaolcese.pe\/recibir-hoy\/producto\/lasana-de-carne-250g\/","url":"https:\/\/bodegaolcese.pe\/recibir-hoy\/producto\/lasana-de-carne-250g\/","name":"Lasa\u00f1a de Carne 250g | Porci\u00f3n Familiar \u2013 Bodega Olcese","isPartOf":{"@id":"https:\/\/bodegaolcese.pe\/recibir-hoy\/#website"},"primaryImageOfPage":{"@id":"https:\/\/bodegaolcese.pe\/recibir-hoy\/producto\/lasana-de-carne-250g\/#primaryimage"},"image":{"@id":"https:\/\/bodegaolcese.pe\/recibir-hoy\/producto\/lasana-de-carne-250g\/#primaryimage"},"thumbnailUrl":"https:\/\/bodegaolcese.pe\/recibir-hoy\/wp-content\/uploads\/sites\/3\/2025\/02\/lasana-250.webp","datePublished":"2025-02-21T14:27:33+00:00","dateModified":"2026-04-23T06:00:09+00:00","description":"Lasa\u00f1a de Carne 250g, porci\u00f3n individual con sabor casero peruano. Encu\u00e9ntrala en Bodega Olcese.","breadcrumb":{"@id":"https:\/\/bodegaolcese.pe\/recibir-hoy\/producto\/lasana-de-carne-250g\/#breadcrumb"},"inLanguage":"es","potentialAction":[{"@type":"ReadAction","target":["https:\/\/bodegaolcese.pe\/recibir-hoy\/producto\/lasana-de-carne-250g\/"]}]},{"@type":"ImageObject","inLanguage":"es","@id":"https:\/\/bodegaolcese.pe\/recibir-hoy\/producto\/lasana-de-carne-250g\/#primaryimage","url":"https:\/\/bodegaolcese.pe\/recibir-hoy\/wp-content\/uploads\/sites\/3\/2025\/02\/lasana-250.webp","contentUrl":"https:\/\/bodegaolcese.pe\/recibir-hoy\/wp-content\/uploads\/sites\/3\/2025\/02\/lasana-250.webp","width":1080,"height":1080},{"@type":"BreadcrumbList","@id":"https:\/\/bodegaolcese.pe\/recibir-hoy\/producto\/lasana-de-carne-250g\/#breadcrumb","itemListElement":[{"@type":"ListItem","position":1,"name":"Portada","item":"https:\/\/bodegaolcese.pe\/recibir-hoy\/"},{"@type":"ListItem","position":2,"name":"Tienda","item":"https:\/\/bodegaolcese.pe\/recibir-hoy\/"},{"@type":"ListItem","position":3,"name":"Lasa\u00f1a de Carne 250g"}]},{"@type":"WebSite","@id":"https:\/\/bodegaolcese.pe\/recibir-hoy\/#website","url":"https:\/\/bodegaolcese.pe\/recibir-hoy\/","name":"Recibir Hoy","description":"","potentialAction":[{"@type":"SearchAction","target":{"@type":"EntryPoint","urlTemplate":"https:\/\/bodegaolcese.pe\/recibir-hoy\/?s={search_term_string}"},"query-input":{"@type":"PropertyValueSpecification","valueRequired":true,"valueName":"search_term_string"}}],"inLanguage":"es"}]}},"_links":{"self":[{"href":"https:\/\/bodegaolcese.pe\/recibir-hoy\/wp-json\/wp\/v2\/product\/107","targetHints":{"allow":["GET"]}}],"collection":[{"href":"https:\/\/bodegaolcese.pe\/recibir-hoy\/wp-json\/wp\/v2\/product"}],"about":[{"href":"https:\/\/bodegaolcese.pe\/recibir-hoy\/wp-json\/wp\/v2\/types\/product"}],"version-history":[{"count":0,"href":"https:\/\/bodegaolcese.pe\/recibir-hoy\/wp-json\/wp\/v2\/product\/107\/revisions"}],"wp:featuredmedia":[{"embeddable":true,"href":"https:\/\/bodegaolcese.pe\/recibir-hoy\/wp-json\/wp\/v2\/media\/216"}],"wp:attachment":[{"href":"https:\/\/bodegaolcese.pe\/recibir-hoy\/wp-json\/wp\/v2\/media?parent=107"}],"wp:term":[{"taxonomy":"product_brand","embeddable":true,"href":"https:\/\/bodegaolcese.pe\/recibir-hoy\/wp-json\/wp\/v2\/product_brand?post=107"},{"taxonomy":"product_cat","embeddable":true,"href":"https:\/\/bodegaolcese.pe\/recibir-hoy\/wp-json\/wp\/v2\/product_cat?post=107"},{"taxonomy":"product_tag","embeddable":true,"href":"https:\/\/bodegaolcese.pe\/recibir-hoy\/wp-json\/wp\/v2\/product_tag?post=107"}],"curies":[{"name":"wp","href":"https:\/\/api.w.org\/{rel}","templated":true}]}}