{"id":647,"date":"2025-02-25T20:44:29","date_gmt":"2025-02-25T20:44:29","guid":{"rendered":"https:\/\/bodegaolcese.pe\/programar\/product\/butifarritas\/"},"modified":"2025-03-13T20:46:27","modified_gmt":"2025-03-13T20:46:27","slug":"butifarritas","status":"publish","type":"product","link":"https:\/\/bodegaolcese.pe\/programar\/product\/butifarritas\/","title":{"rendered":"Butifarritas x50und"},"content":{"rendered":"","protected":false},"excerpt":{"rendered":"<p>Peque\u00f1as delicias de butifarras de jam\u00f3n del pais artesanal, acompa\u00f1adas con una sarsa criolla llena de sabor. \u00a1Perfectas para disfrutar en cualquier reuni\u00f3n!<\/p>\n","protected":false},"featured_media":134,"template":"","meta":{"_acf_changed":false,"om_disable_all_campaigns":false,"_monsterinsights_skip_tracking":false,"_monsterinsights_sitenote_active":false,"_monsterinsights_sitenote_note":"","_monsterinsights_sitenote_category":0},"product_brand":[],"product_cat":[24,35],"product_tag":[],"class_list":{"0":"post-647","1":"product","2":"type-product","3":"status-publish","4":"has-post-thumbnail","6":"product_cat-bocaditos","7":"product_cat-mini-sanguches","9":"first","10":"instock","11":"shipping-taxable","12":"purchasable","13":"product-type-simple"},"group_of_quantity":0,"min_quantity":0,"max_quantity":"","exclude_order_quantity_value_rules":"no","exclude_category_quantity_rules":"no","combine_variations":"no","acf":[],"yoast_head":"<!-- This site is optimized with the Yoast SEO plugin v27.4 - https:\/\/yoast.com\/product\/yoast-seo-wordpress\/ -->\n<title>Butifarritas x50und - programar<\/title>\n<meta name=\"robots\" content=\"index, follow, max-snippet:-1, max-image-preview:large, max-video-preview:-1\" \/>\n<link rel=\"canonical\" href=\"https:\/\/bodegaolcese.pe\/programar\/product\/butifarritas\/\" \/>\n<meta property=\"og:locale\" content=\"es_ES\" \/>\n<meta property=\"og:type\" content=\"article\" \/>\n<meta property=\"og:title\" content=\"Butifarritas x50und - programar\" \/>\n<meta property=\"og:description\" content=\"Peque\u00f1as delicias de butifarras de jam\u00f3n del pais artesanal, acompa\u00f1adas con una sarsa criolla llena de sabor. \u00a1Perfectas para disfrutar en cualquier reuni\u00f3n!\" \/>\n<meta property=\"og:url\" content=\"https:\/\/bodegaolcese.pe\/programar\/product\/butifarritas\/\" \/>\n<meta property=\"og:site_name\" content=\"programar\" \/>\n<meta property=\"article:modified_time\" content=\"2025-03-13T20:46:27+00:00\" \/>\n<meta property=\"og:image\" content=\"https:\/\/bodegaolcese.pe\/programar\/wp-content\/uploads\/sites\/2\/2025\/02\/boca-sanguchitos-butifarrita.webp\" \/>\n\t<meta property=\"og:image:width\" content=\"1080\" \/>\n\t<meta property=\"og:image:height\" content=\"1080\" \/>\n\t<meta property=\"og:image:type\" content=\"image\/webp\" \/>\n<meta name=\"twitter:card\" content=\"summary_large_image\" \/>\n<script type=\"application\/ld+json\" class=\"yoast-schema-graph\">{\"@context\":\"https:\\\/\\\/schema.org\",\"@graph\":[{\"@type\":\"WebPage\",\"@id\":\"https:\\\/\\\/bodegaolcese.pe\\\/programar\\\/product\\\/butifarritas\\\/\",\"url\":\"https:\\\/\\\/bodegaolcese.pe\\\/programar\\\/product\\\/butifarritas\\\/\",\"name\":\"Butifarritas x50und - programar\",\"isPartOf\":{\"@id\":\"https:\\\/\\\/bodegaolcese.pe\\\/programar\\\/#website\"},\"primaryImageOfPage\":{\"@id\":\"https:\\\/\\\/bodegaolcese.pe\\\/programar\\\/product\\\/butifarritas\\\/#primaryimage\"},\"image\":{\"@id\":\"https:\\\/\\\/bodegaolcese.pe\\\/programar\\\/product\\\/butifarritas\\\/#primaryimage\"},\"thumbnailUrl\":\"https:\\\/\\\/bodegaolcese.pe\\\/programar\\\/wp-content\\\/uploads\\\/sites\\\/2\\\/2025\\\/02\\\/boca-sanguchitos-butifarrita.webp\",\"datePublished\":\"2025-02-25T20:44:29+00:00\",\"dateModified\":\"2025-03-13T20:46:27+00:00\",\"breadcrumb\":{\"@id\":\"https:\\\/\\\/bodegaolcese.pe\\\/programar\\\/product\\\/butifarritas\\\/#breadcrumb\"},\"inLanguage\":\"es\",\"potentialAction\":[{\"@type\":\"ReadAction\",\"target\":[\"https:\\\/\\\/bodegaolcese.pe\\\/programar\\\/product\\\/butifarritas\\\/\"]}]},{\"@type\":\"ImageObject\",\"inLanguage\":\"es\",\"@id\":\"https:\\\/\\\/bodegaolcese.pe\\\/programar\\\/product\\\/butifarritas\\\/#primaryimage\",\"url\":\"https:\\\/\\\/bodegaolcese.pe\\\/programar\\\/wp-content\\\/uploads\\\/sites\\\/2\\\/2025\\\/02\\\/boca-sanguchitos-butifarrita.webp\",\"contentUrl\":\"https:\\\/\\\/bodegaolcese.pe\\\/programar\\\/wp-content\\\/uploads\\\/sites\\\/2\\\/2025\\\/02\\\/boca-sanguchitos-butifarrita.webp\",\"width\":1080,\"height\":1080},{\"@type\":\"BreadcrumbList\",\"@id\":\"https:\\\/\\\/bodegaolcese.pe\\\/programar\\\/product\\\/butifarritas\\\/#breadcrumb\",\"itemListElement\":[{\"@type\":\"ListItem\",\"position\":1,\"name\":\"Portada\",\"item\":\"https:\\\/\\\/bodegaolcese.pe\\\/programar\\\/\"},{\"@type\":\"ListItem\",\"position\":2,\"name\":\"Tienda\",\"item\":\"https:\\\/\\\/bodegaolcese.pe\\\/programar\\\/\"},{\"@type\":\"ListItem\",\"position\":3,\"name\":\"Butifarritas x50und\"}]},{\"@type\":\"WebSite\",\"@id\":\"https:\\\/\\\/bodegaolcese.pe\\\/programar\\\/#website\",\"url\":\"https:\\\/\\\/bodegaolcese.pe\\\/programar\\\/\",\"name\":\"programar\",\"description\":\"\",\"potentialAction\":[{\"@type\":\"SearchAction\",\"target\":{\"@type\":\"EntryPoint\",\"urlTemplate\":\"https:\\\/\\\/bodegaolcese.pe\\\/programar\\\/?s={search_term_string}\"},\"query-input\":{\"@type\":\"PropertyValueSpecification\",\"valueRequired\":true,\"valueName\":\"search_term_string\"}}],\"inLanguage\":\"es\"}]}<\/script>\n<!-- \/ Yoast SEO plugin. -->","yoast_head_json":{"title":"Butifarritas x50und - programar","robots":{"index":"index","follow":"follow","max-snippet":"max-snippet:-1","max-image-preview":"max-image-preview:large","max-video-preview":"max-video-preview:-1"},"canonical":"https:\/\/bodegaolcese.pe\/programar\/product\/butifarritas\/","og_locale":"es_ES","og_type":"article","og_title":"Butifarritas x50und - programar","og_description":"Peque\u00f1as delicias de butifarras de jam\u00f3n del pais artesanal, acompa\u00f1adas con una sarsa criolla llena de sabor. \u00a1Perfectas para disfrutar en cualquier reuni\u00f3n!","og_url":"https:\/\/bodegaolcese.pe\/programar\/product\/butifarritas\/","og_site_name":"programar","article_modified_time":"2025-03-13T20:46:27+00:00","og_image":[{"width":1080,"height":1080,"url":"https:\/\/bodegaolcese.pe\/programar\/wp-content\/uploads\/sites\/2\/2025\/02\/boca-sanguchitos-butifarrita.webp","type":"image\/webp"}],"twitter_card":"summary_large_image","schema":{"@context":"https:\/\/schema.org","@graph":[{"@type":"WebPage","@id":"https:\/\/bodegaolcese.pe\/programar\/product\/butifarritas\/","url":"https:\/\/bodegaolcese.pe\/programar\/product\/butifarritas\/","name":"Butifarritas x50und - programar","isPartOf":{"@id":"https:\/\/bodegaolcese.pe\/programar\/#website"},"primaryImageOfPage":{"@id":"https:\/\/bodegaolcese.pe\/programar\/product\/butifarritas\/#primaryimage"},"image":{"@id":"https:\/\/bodegaolcese.pe\/programar\/product\/butifarritas\/#primaryimage"},"thumbnailUrl":"https:\/\/bodegaolcese.pe\/programar\/wp-content\/uploads\/sites\/2\/2025\/02\/boca-sanguchitos-butifarrita.webp","datePublished":"2025-02-25T20:44:29+00:00","dateModified":"2025-03-13T20:46:27+00:00","breadcrumb":{"@id":"https:\/\/bodegaolcese.pe\/programar\/product\/butifarritas\/#breadcrumb"},"inLanguage":"es","potentialAction":[{"@type":"ReadAction","target":["https:\/\/bodegaolcese.pe\/programar\/product\/butifarritas\/"]}]},{"@type":"ImageObject","inLanguage":"es","@id":"https:\/\/bodegaolcese.pe\/programar\/product\/butifarritas\/#primaryimage","url":"https:\/\/bodegaolcese.pe\/programar\/wp-content\/uploads\/sites\/2\/2025\/02\/boca-sanguchitos-butifarrita.webp","contentUrl":"https:\/\/bodegaolcese.pe\/programar\/wp-content\/uploads\/sites\/2\/2025\/02\/boca-sanguchitos-butifarrita.webp","width":1080,"height":1080},{"@type":"BreadcrumbList","@id":"https:\/\/bodegaolcese.pe\/programar\/product\/butifarritas\/#breadcrumb","itemListElement":[{"@type":"ListItem","position":1,"name":"Portada","item":"https:\/\/bodegaolcese.pe\/programar\/"},{"@type":"ListItem","position":2,"name":"Tienda","item":"https:\/\/bodegaolcese.pe\/programar\/"},{"@type":"ListItem","position":3,"name":"Butifarritas x50und"}]},{"@type":"WebSite","@id":"https:\/\/bodegaolcese.pe\/programar\/#website","url":"https:\/\/bodegaolcese.pe\/programar\/","name":"programar","description":"","potentialAction":[{"@type":"SearchAction","target":{"@type":"EntryPoint","urlTemplate":"https:\/\/bodegaolcese.pe\/programar\/?s={search_term_string}"},"query-input":{"@type":"PropertyValueSpecification","valueRequired":true,"valueName":"search_term_string"}}],"inLanguage":"es"}]}},"_links":{"self":[{"href":"https:\/\/bodegaolcese.pe\/programar\/wp-json\/wp\/v2\/product\/647","targetHints":{"allow":["GET"]}}],"collection":[{"href":"https:\/\/bodegaolcese.pe\/programar\/wp-json\/wp\/v2\/product"}],"about":[{"href":"https:\/\/bodegaolcese.pe\/programar\/wp-json\/wp\/v2\/types\/product"}],"version-history":[{"count":0,"href":"https:\/\/bodegaolcese.pe\/programar\/wp-json\/wp\/v2\/product\/647\/revisions"}],"wp:featuredmedia":[{"embeddable":true,"href":"https:\/\/bodegaolcese.pe\/programar\/wp-json\/wp\/v2\/media\/134"}],"wp:attachment":[{"href":"https:\/\/bodegaolcese.pe\/programar\/wp-json\/wp\/v2\/media?parent=647"}],"wp:term":[{"taxonomy":"product_brand","embeddable":true,"href":"https:\/\/bodegaolcese.pe\/programar\/wp-json\/wp\/v2\/product_brand?post=647"},{"taxonomy":"product_cat","embeddable":true,"href":"https:\/\/bodegaolcese.pe\/programar\/wp-json\/wp\/v2\/product_cat?post=647"},{"taxonomy":"product_tag","embeddable":true,"href":"https:\/\/bodegaolcese.pe\/programar\/wp-json\/wp\/v2\/product_tag?post=647"}],"curies":[{"name":"wp","href":"https:\/\/api.w.org\/{rel}","templated":true}]}}