{"id":611,"date":"2025-02-25T20:44:26","date_gmt":"2025-02-25T20:44:26","guid":{"rendered":"https:\/\/bodegaolcese.pe\/programar\/product\/pizza-familiar-de-jamon\/"},"modified":"2026-04-20T11:01:18","modified_gmt":"2026-04-20T16:01:18","slug":"pizza-familiar-de-jamon","status":"publish","type":"product","link":"https:\/\/bodegaolcese.pe\/programar\/product\/pizza-familiar-de-jamon\/","title":{"rendered":"Pizza Familiar de Jam\u00f3n"},"content":{"rendered":"","protected":false},"excerpt":{"rendered":"<p>Cl\u00e1sica pizza Olcese con jam\u00f3n rallado, salsa de tomate y queso mozzarella. \u00a1Cl\u00e1sico de cl\u00e1sicos! La plancha trae 8 porciones de felicidad!<\/p>\n","protected":false},"featured_media":144,"template":"","meta":{"_acf_changed":false,"om_disable_all_campaigns":false,"_monsterinsights_skip_tracking":false,"_monsterinsights_sitenote_active":false,"_monsterinsights_sitenote_note":"","_monsterinsights_sitenote_category":0},"product_brand":[],"product_cat":[30,15,46],"product_tag":[],"class_list":{"0":"post-611","1":"product","2":"type-product","3":"status-publish","4":"has-post-thumbnail","6":"product_cat-familiar","7":"product_cat-pizza","8":"product_cat-promociones","10":"first","11":"instock","12":"sale","13":"shipping-taxable","14":"purchasable","15":"product-type-simple"},"group_of_quantity":0,"min_quantity":0,"max_quantity":"","exclude_order_quantity_value_rules":"no","exclude_category_quantity_rules":"no","combine_variations":"no","acf":[],"yoast_head":"<!-- This site is optimized with the Yoast SEO plugin v27.4 - https:\/\/yoast.com\/product\/yoast-seo-wordpress\/ -->\n<title>Pizza Familiar de Jam\u00f3n - programar<\/title>\n<meta name=\"robots\" content=\"index, follow, max-snippet:-1, max-image-preview:large, max-video-preview:-1\" \/>\n<link rel=\"canonical\" href=\"https:\/\/bodegaolcese.pe\/programar\/product\/pizza-familiar-de-jamon\/\" \/>\n<meta property=\"og:locale\" content=\"es_ES\" \/>\n<meta property=\"og:type\" content=\"article\" \/>\n<meta property=\"og:title\" content=\"Pizza Familiar de Jam\u00f3n - programar\" \/>\n<meta property=\"og:description\" content=\"Cl\u00e1sica pizza Olcese con jam\u00f3n rallado, salsa de tomate y queso mozzarella. \u00a1Cl\u00e1sico de cl\u00e1sicos! La plancha trae 8 porciones de felicidad!\" \/>\n<meta property=\"og:url\" content=\"https:\/\/bodegaolcese.pe\/programar\/product\/pizza-familiar-de-jamon\/\" \/>\n<meta property=\"og:site_name\" content=\"programar\" \/>\n<meta property=\"article:modified_time\" content=\"2026-04-20T16:01:18+00:00\" \/>\n<meta property=\"og:image\" content=\"https:\/\/bodegaolcese.pe\/programar\/wp-content\/uploads\/sites\/2\/2025\/02\/jamon-familiar.webp\" \/>\n\t<meta property=\"og:image:width\" content=\"1080\" \/>\n\t<meta property=\"og:image:height\" content=\"1080\" \/>\n\t<meta property=\"og:image:type\" content=\"image\/webp\" \/>\n<meta name=\"twitter:card\" content=\"summary_large_image\" \/>\n<meta name=\"twitter:label1\" content=\"Tiempo de lectura\" \/>\n\t<meta name=\"twitter:data1\" content=\"1 minuto\" \/>\n<script type=\"application\/ld+json\" class=\"yoast-schema-graph\">{\"@context\":\"https:\\\/\\\/schema.org\",\"@graph\":[{\"@type\":\"WebPage\",\"@id\":\"https:\\\/\\\/bodegaolcese.pe\\\/programar\\\/product\\\/pizza-familiar-de-jamon\\\/\",\"url\":\"https:\\\/\\\/bodegaolcese.pe\\\/programar\\\/product\\\/pizza-familiar-de-jamon\\\/\",\"name\":\"Pizza Familiar de Jam\u00f3n - programar\",\"isPartOf\":{\"@id\":\"https:\\\/\\\/bodegaolcese.pe\\\/programar\\\/#website\"},\"primaryImageOfPage\":{\"@id\":\"https:\\\/\\\/bodegaolcese.pe\\\/programar\\\/product\\\/pizza-familiar-de-jamon\\\/#primaryimage\"},\"image\":{\"@id\":\"https:\\\/\\\/bodegaolcese.pe\\\/programar\\\/product\\\/pizza-familiar-de-jamon\\\/#primaryimage\"},\"thumbnailUrl\":\"https:\\\/\\\/bodegaolcese.pe\\\/programar\\\/wp-content\\\/uploads\\\/sites\\\/2\\\/2025\\\/02\\\/jamon-familiar.webp\",\"datePublished\":\"2025-02-25T20:44:26+00:00\",\"dateModified\":\"2026-04-20T16:01:18+00:00\",\"breadcrumb\":{\"@id\":\"https:\\\/\\\/bodegaolcese.pe\\\/programar\\\/product\\\/pizza-familiar-de-jamon\\\/#breadcrumb\"},\"inLanguage\":\"es\",\"potentialAction\":[{\"@type\":\"ReadAction\",\"target\":[\"https:\\\/\\\/bodegaolcese.pe\\\/programar\\\/product\\\/pizza-familiar-de-jamon\\\/\"]}]},{\"@type\":\"ImageObject\",\"inLanguage\":\"es\",\"@id\":\"https:\\\/\\\/bodegaolcese.pe\\\/programar\\\/product\\\/pizza-familiar-de-jamon\\\/#primaryimage\",\"url\":\"https:\\\/\\\/bodegaolcese.pe\\\/programar\\\/wp-content\\\/uploads\\\/sites\\\/2\\\/2025\\\/02\\\/jamon-familiar.webp\",\"contentUrl\":\"https:\\\/\\\/bodegaolcese.pe\\\/programar\\\/wp-content\\\/uploads\\\/sites\\\/2\\\/2025\\\/02\\\/jamon-familiar.webp\",\"width\":1080,\"height\":1080},{\"@type\":\"BreadcrumbList\",\"@id\":\"https:\\\/\\\/bodegaolcese.pe\\\/programar\\\/product\\\/pizza-familiar-de-jamon\\\/#breadcrumb\",\"itemListElement\":[{\"@type\":\"ListItem\",\"position\":1,\"name\":\"Portada\",\"item\":\"https:\\\/\\\/bodegaolcese.pe\\\/programar\\\/\"},{\"@type\":\"ListItem\",\"position\":2,\"name\":\"Tienda\",\"item\":\"https:\\\/\\\/bodegaolcese.pe\\\/programar\\\/\"},{\"@type\":\"ListItem\",\"position\":3,\"name\":\"Pizza Familiar de Jam\u00f3n\"}]},{\"@type\":\"WebSite\",\"@id\":\"https:\\\/\\\/bodegaolcese.pe\\\/programar\\\/#website\",\"url\":\"https:\\\/\\\/bodegaolcese.pe\\\/programar\\\/\",\"name\":\"programar\",\"description\":\"\",\"potentialAction\":[{\"@type\":\"SearchAction\",\"target\":{\"@type\":\"EntryPoint\",\"urlTemplate\":\"https:\\\/\\\/bodegaolcese.pe\\\/programar\\\/?s={search_term_string}\"},\"query-input\":{\"@type\":\"PropertyValueSpecification\",\"valueRequired\":true,\"valueName\":\"search_term_string\"}}],\"inLanguage\":\"es\"}]}<\/script>\n<!-- \/ Yoast SEO plugin. -->","yoast_head_json":{"title":"Pizza Familiar de Jam\u00f3n - programar","robots":{"index":"index","follow":"follow","max-snippet":"max-snippet:-1","max-image-preview":"max-image-preview:large","max-video-preview":"max-video-preview:-1"},"canonical":"https:\/\/bodegaolcese.pe\/programar\/product\/pizza-familiar-de-jamon\/","og_locale":"es_ES","og_type":"article","og_title":"Pizza Familiar de Jam\u00f3n - programar","og_description":"Cl\u00e1sica pizza Olcese con jam\u00f3n rallado, salsa de tomate y queso mozzarella. \u00a1Cl\u00e1sico de cl\u00e1sicos! La plancha trae 8 porciones de felicidad!","og_url":"https:\/\/bodegaolcese.pe\/programar\/product\/pizza-familiar-de-jamon\/","og_site_name":"programar","article_modified_time":"2026-04-20T16:01:18+00:00","og_image":[{"width":1080,"height":1080,"url":"https:\/\/bodegaolcese.pe\/programar\/wp-content\/uploads\/sites\/2\/2025\/02\/jamon-familiar.webp","type":"image\/webp"}],"twitter_card":"summary_large_image","twitter_misc":{"Tiempo de lectura":"1 minuto"},"schema":{"@context":"https:\/\/schema.org","@graph":[{"@type":"WebPage","@id":"https:\/\/bodegaolcese.pe\/programar\/product\/pizza-familiar-de-jamon\/","url":"https:\/\/bodegaolcese.pe\/programar\/product\/pizza-familiar-de-jamon\/","name":"Pizza Familiar de Jam\u00f3n - programar","isPartOf":{"@id":"https:\/\/bodegaolcese.pe\/programar\/#website"},"primaryImageOfPage":{"@id":"https:\/\/bodegaolcese.pe\/programar\/product\/pizza-familiar-de-jamon\/#primaryimage"},"image":{"@id":"https:\/\/bodegaolcese.pe\/programar\/product\/pizza-familiar-de-jamon\/#primaryimage"},"thumbnailUrl":"https:\/\/bodegaolcese.pe\/programar\/wp-content\/uploads\/sites\/2\/2025\/02\/jamon-familiar.webp","datePublished":"2025-02-25T20:44:26+00:00","dateModified":"2026-04-20T16:01:18+00:00","breadcrumb":{"@id":"https:\/\/bodegaolcese.pe\/programar\/product\/pizza-familiar-de-jamon\/#breadcrumb"},"inLanguage":"es","potentialAction":[{"@type":"ReadAction","target":["https:\/\/bodegaolcese.pe\/programar\/product\/pizza-familiar-de-jamon\/"]}]},{"@type":"ImageObject","inLanguage":"es","@id":"https:\/\/bodegaolcese.pe\/programar\/product\/pizza-familiar-de-jamon\/#primaryimage","url":"https:\/\/bodegaolcese.pe\/programar\/wp-content\/uploads\/sites\/2\/2025\/02\/jamon-familiar.webp","contentUrl":"https:\/\/bodegaolcese.pe\/programar\/wp-content\/uploads\/sites\/2\/2025\/02\/jamon-familiar.webp","width":1080,"height":1080},{"@type":"BreadcrumbList","@id":"https:\/\/bodegaolcese.pe\/programar\/product\/pizza-familiar-de-jamon\/#breadcrumb","itemListElement":[{"@type":"ListItem","position":1,"name":"Portada","item":"https:\/\/bodegaolcese.pe\/programar\/"},{"@type":"ListItem","position":2,"name":"Tienda","item":"https:\/\/bodegaolcese.pe\/programar\/"},{"@type":"ListItem","position":3,"name":"Pizza Familiar de Jam\u00f3n"}]},{"@type":"WebSite","@id":"https:\/\/bodegaolcese.pe\/programar\/#website","url":"https:\/\/bodegaolcese.pe\/programar\/","name":"programar","description":"","potentialAction":[{"@type":"SearchAction","target":{"@type":"EntryPoint","urlTemplate":"https:\/\/bodegaolcese.pe\/programar\/?s={search_term_string}"},"query-input":{"@type":"PropertyValueSpecification","valueRequired":true,"valueName":"search_term_string"}}],"inLanguage":"es"}]}},"_links":{"self":[{"href":"https:\/\/bodegaolcese.pe\/programar\/wp-json\/wp\/v2\/product\/611","targetHints":{"allow":["GET"]}}],"collection":[{"href":"https:\/\/bodegaolcese.pe\/programar\/wp-json\/wp\/v2\/product"}],"about":[{"href":"https:\/\/bodegaolcese.pe\/programar\/wp-json\/wp\/v2\/types\/product"}],"version-history":[{"count":1,"href":"https:\/\/bodegaolcese.pe\/programar\/wp-json\/wp\/v2\/product\/611\/revisions"}],"predecessor-version":[{"id":1734,"href":"https:\/\/bodegaolcese.pe\/programar\/wp-json\/wp\/v2\/product\/611\/revisions\/1734"}],"wp:featuredmedia":[{"embeddable":true,"href":"https:\/\/bodegaolcese.pe\/programar\/wp-json\/wp\/v2\/media\/144"}],"wp:attachment":[{"href":"https:\/\/bodegaolcese.pe\/programar\/wp-json\/wp\/v2\/media?parent=611"}],"wp:term":[{"taxonomy":"product_brand","embeddable":true,"href":"https:\/\/bodegaolcese.pe\/programar\/wp-json\/wp\/v2\/product_brand?post=611"},{"taxonomy":"product_cat","embeddable":true,"href":"https:\/\/bodegaolcese.pe\/programar\/wp-json\/wp\/v2\/product_cat?post=611"},{"taxonomy":"product_tag","embeddable":true,"href":"https:\/\/bodegaolcese.pe\/programar\/wp-json\/wp\/v2\/product_tag?post=611"}],"curies":[{"name":"wp","href":"https:\/\/api.w.org\/{rel}","templated":true}]}}